{"id":1463,"date":"2023-08-01T09:22:49","date_gmt":"2023-08-01T07:22:49","guid":{"rendered":"https:\/\/deacrescente.com\/politica-de-privacidad\/"},"modified":"2023-08-07T10:39:36","modified_gmt":"2023-08-07T08:39:36","slug":"politica-de-privacidad","status":"publish","type":"page","link":"https:\/\/deacrescente.com\/es\/politica-de-privacidad\/","title":{"rendered":"Pol\u00edtica de Privacidad"},"content":{"rendered":"\t\t<div data-elementor-type=\"wp-page\" data-elementor-id=\"1463\" class=\"elementor elementor-1463 elementor-941\" data-elementor-post-type=\"page\">\n\t\t\t\t\t\t<section class=\"elementor-section elementor-top-section elementor-element elementor-element-996cf1f elementor-section-boxed elementor-section-height-default elementor-section-height-default\" data-id=\"996cf1f\" data-element_type=\"section\">\n\t\t\t\t\t\t<div class=\"elementor-container elementor-column-gap-default\">\n\t\t\t\t\t<div class=\"elementor-column elementor-col-100 elementor-top-column elementor-element elementor-element-ed01599\" data-id=\"ed01599\" data-element_type=\"column\">\n\t\t\t<div class=\"elementor-widget-wrap elementor-element-populated\">\n\t\t\t\t\t\t<div class=\"elementor-element elementor-element-a31ba19 elementor-widget elementor-widget-heading\" data-id=\"a31ba19\" data-element_type=\"widget\" data-widget_type=\"heading.default\">\n\t\t\t\t<div class=\"elementor-widget-container\">\n\t\t\t<style>\/*! elementor - v3.22.0 - 17-06-2024 *\/\n.elementor-heading-title{padding:0;margin:0;line-height:1}.elementor-widget-heading .elementor-heading-title[class*=elementor-size-]>a{color:inherit;font-size:inherit;line-height:inherit}.elementor-widget-heading .elementor-heading-title.elementor-size-small{font-size:15px}.elementor-widget-heading .elementor-heading-title.elementor-size-medium{font-size:19px}.elementor-widget-heading .elementor-heading-title.elementor-size-large{font-size:29px}.elementor-widget-heading .elementor-heading-title.elementor-size-xl{font-size:39px}.elementor-widget-heading .elementor-heading-title.elementor-size-xxl{font-size:59px}<\/style><h2 class=\"elementor-heading-title elementor-size-default\">Pol\u00edtica de Privacidad<\/h2>\t\t<\/div>\n\t\t\t\t<\/div>\n\t\t\t\t<div class=\"elementor-element elementor-element-61a3aa5 elementor-widget elementor-widget-text-editor\" data-id=\"61a3aa5\" data-element_type=\"widget\" data-widget_type=\"text-editor.default\">\n\t\t\t\t<div class=\"elementor-widget-container\">\n\t\t\t<style>\/*! elementor - v3.22.0 - 17-06-2024 *\/\n.elementor-widget-text-editor.elementor-drop-cap-view-stacked .elementor-drop-cap{background-color:#69727d;color:#fff}.elementor-widget-text-editor.elementor-drop-cap-view-framed .elementor-drop-cap{color:#69727d;border:3px solid;background-color:transparent}.elementor-widget-text-editor:not(.elementor-drop-cap-view-default) .elementor-drop-cap{margin-top:8px}.elementor-widget-text-editor:not(.elementor-drop-cap-view-default) .elementor-drop-cap-letter{width:1em;height:1em}.elementor-widget-text-editor .elementor-drop-cap{float:left;text-align:center;line-height:1;font-size:50px}.elementor-widget-text-editor .elementor-drop-cap-letter{display:inline-block}<\/style>\t\t\t\t<p><b>Informaci\u00f3n adicional sobre protecci\u00f3n de datos<\/b><\/p><p><span style=\"font-weight: 400;\">Bienvenidos a mi pol\u00edtica de privacidad Para m\u00ed es muy importante la privacidad de mis usuarios y por esta raz\u00f3n te explico aqu\u00ed todo lo que se hace con tus datos personales en esta web.<\/span><\/p><p><span style=\"font-weight: 400;\">Esta pol\u00edtica expresa c\u00f3mo se tratar\u00e1 y proteger\u00e1 la informaci\u00f3n personal de todas las personas que se relacionan con Michela Donda a trav\u00e9s de este sitio web. Por favor, debes leer todos los apartados del <\/span><span style=\"text-decoration: underline;\"><a href=\"https:\/\/deacrescente.com\/es\/aviso-legal\/\"><b>Aviso Legal<\/b><\/a><\/span>, <span style=\"font-weight: 400;\">de la<\/span> <span style=\"text-decoration: underline;\"><a href=\"https:\/\/deacrescente.com\/es\/politica-de-cookies\/\"><b>Pol\u00edtica de cookies<\/b><\/a><\/span> <span style=\"font-weight: 400;\">y de la presente pol\u00edtica de privacidad antes de utilizar esta web.<\/span><\/p><p><span style=\"font-weight: 400;\">De conformidad con lo dispuesto en Reglamento UE 2016\/679, del Parlamento Europeo y del Consejo del 27 de abril de 2016 (RGPD) y la Ley Org\u00e1nica 3\/2018, del 5 de diciembre, de Protecci\u00f3n de Datos Personales y garant\u00eda de los derechos digitales, Michela Donda, te informa de que, mediante la aceptaci\u00f3n de esta Pol\u00edtica de Privacidad, prestas tu consentimiento expreso, informado, libre e inequ\u00edvoco para que los Datos que proporcionas, y sobre los que se aplican las medidas de seguridad, t\u00e9cnicas y organizativas previstas en la normativa vigente, sean tratados por Michela Donda, como responsable del tratamiento.<\/span><\/p><p><b>\u00a0<\/b><\/p><p><b>\u00bfQui\u00e9n es el responsable de deacrescente.com?<\/b><\/p><p><span style=\"font-weight: 400;\">Identidad del Responsable: Michela Donda<\/span><\/p><p><span style=\"font-weight: 400;\">NIF: ESY2807779E<\/span><\/p><p><span style=\"font-weight: 400;\">Direcci\u00f3n: Calle de Sant Vicen\u00e7 3 Principal 1 08001 Barcelona, Espa\u00f1a<\/span><\/p><p><span style=\"font-weight: 400;\">Correo electr\u00f3nico:<\/span> <b>info@deacrescente.com<\/b><\/p><p><span style=\"font-weight: 400;\">Actividad: servicios de doula y consultor\u00eda de lactancia<\/span><\/p><p><span style=\"font-weight: 400;\">Datos de contacto del responsable: Calle de Sant Vicen\u00e7 3 Principal 1 08001 Barcelona, Espa\u00f1a, e-mail info@deacrescente.com, tel\u00e9fono +34 634599936.<\/span><\/p><p><b>\u00a0<\/b><\/p><p><b>\u00bfQu\u00e9 datos personales se recogen en deacrescente.com?<\/b><\/p><p><span style=\"font-weight: 400;\">Para las finalidades establecidas en esta Pol\u00edtica de Privacidad, Michela Donda recaba y trata los Datos Personales que se detallan a continuaci\u00f3n, que depender\u00e1n de los diferentes servicios que solicite en esta Web:<\/span><\/p><p><b>Datos identificativos:<\/b> <span style=\"font-weight: 400;\">nombre, apellidos.<\/span><\/p><p><b>Datos de contacto:<\/b> <span style=\"font-weight: 400;\">direcci\u00f3n postal, correo electr\u00f3nico, n\u00famero de tel\u00e9fono m\u00f3vil.<\/span><\/p><p><b>Datos contractuales:<\/b> <span style=\"font-weight: 400;\">datos de operaciones contractuales, servicios adquiridos, operaciones financieras, datos de pago.<\/span><\/p><p><b>Datos de navegaci\u00f3n:<\/b> <span style=\"font-weight: 400;\">direcci\u00f3n IP, tipo e identificaci\u00f3n del dispositivo, tipo de navegador, dominio a trav\u00e9s del cual accede al Sitio Web, datos de navegaci\u00f3n, actividad en el Sitio Web.<\/span><\/p><p><b>\u00a0<\/b><\/p><p><b>\u00bfCon que base legal se tratan esos datos?<\/b><\/p><p><span style=\"font-weight: 400;\">Tratamos tus datos personales con las siguientes bases legales:<\/span><\/p><ul><li style=\"font-weight: 400;\" aria-level=\"1\"><b>La ejecuci\u00f3n de un contrato con Michela Donda<\/b>, <span style=\"font-weight: 400;\">para la contrataci\u00f3n de servicios y gestionar los<\/span> <span style=\"font-weight: 400;\">servicios solicitados.<\/span><\/li><li style=\"font-weight: 400;\" aria-level=\"1\"><b>El consentimiento<\/b> <span style=\"font-weight: 400;\">del usuario en relaci\u00f3n al contacto, la suscripci\u00f3n a contenidos y el env\u00edo de comunicaciones<\/span> <span style=\"font-weight: 400;\">comerciales, v\u00eda mail, cookies o sistemas de mensajer\u00eda.<\/span><\/li><li style=\"font-weight: 400;\" aria-level=\"1\"><b>El inter\u00e9s leg\u00edtimo<\/b> <span style=\"font-weight: 400;\">del responsable del tratamiento para proteger a los usuarios de la web deacrescente.com<\/span> <span style=\"font-weight: 400;\">de abusos y fraudes en el uso de nuestros servicios.<\/span><\/li><\/ul><p><b>\u00a0<\/b><\/p><p><b>\u00bfCon qu\u00e9 finalidades trataremos tus datos personales?<\/b><\/p><p><span style=\"font-weight: 400;\">En esta web, existe diferentes formularios, en cada uno de ellos, la informaci\u00f3n que recoja se utilizar\u00e1 de la siguiente manera:<\/span><\/p><p><b>Formularios de suscripci\u00f3n a contenidos: <\/b><span style=\"font-weight: 400;\">existen varios formularios para activar la suscripci\u00f3n. Los datos facilitados ser\u00e1n utilizados exclusivamente para enviar la Newsletter y mantenerte actualizado sobre novedades y ofertas puntuales, exclusivas para suscriptores de deacrescente.com.<\/span><\/p><p><b>Formulario de contacto: Tambi\u00e9n existe <\/b><span style=\"font-weight: 400;\">un formulario de contacto para consultas, sugerencias o contacto profesional. En este caso se utilizar\u00e1 la direcci\u00f3n de correo electr\u00f3nico para responder a las mismas y enviar la informaci\u00f3n que el usuario requiera a trav\u00e9s de la web.<\/span><\/p><p><b>Formulario de venta:<\/b><span style=\"font-weight: 400;\">Tambi\u00e9n trato datos para gestionar la compra de las consultor\u00edas de lactancia, incluyendo la gesti\u00f3n del pedido, el pago y todas las operaciones relacionadas con la contrataci\u00f3n del servicio elegido. Esto incluye enviar correos electr\u00f3nicos de seguimiento, respuestas, facturas, recibos, etc.<\/span><\/p><p><b>Tiempo de conservaci\u00f3n de los datos personales<\/b><\/p><p><b>Datos de los Clientes:<\/b><span style=\"font-weight: 400;\"> El periodo de conservaci\u00f3n de los datos personales variar\u00e1 en funci\u00f3n del servicio que el Cliente contrate. En cualquier caso, ser\u00e1 el m\u00ednimo necesario.<\/span><\/p><p><b>Datos de los suscriptores:<\/b> <span style=\"font-weight: 400;\">Desde que el usuario se suscribe hasta que se da de baja.<\/span><\/p><p><b>Datos de potenciales clientes:<\/b> <span style=\"font-weight: 400;\">los datos se conservar\u00e1n en todo caso durante la vigencia de la relaci\u00f3n comercial establecida y, una vez concluida, dos a\u00f1os, a menos que el usuario solicite antes su supresi\u00f3n.<\/span><\/p><p><b>\u00a0<\/b><\/p><p><b>\u00bfCu\u00e1les son tus derechos en lo que concierne al uso de tus datos?<\/b><\/p><p><span style=\"font-weight: 400;\">Cualquier persona tiene derecho a obtener confirmaci\u00f3n sobre si Michela Donda est\u00e1 tratando datos personales que le conciernen o no.<\/span><\/p><p><span style=\"font-weight: 400;\">Las personas interesadas tienen derecho a:<\/span><\/p><ul><li style=\"font-weight: 400;\" aria-level=\"1\"><span style=\"font-weight: 400;\">Solicitar el acceso a los datos personales relativos al interesado.<\/span><\/li><li style=\"font-weight: 400;\" aria-level=\"1\"><span style=\"font-weight: 400;\">Solicitar su rectificaci\u00f3n o supresi\u00f3n.<\/span><\/li><li style=\"font-weight: 400;\" aria-level=\"1\"><span style=\"font-weight: 400;\">Solicitar su cancelaci\u00f3n.<\/span><\/li><li style=\"font-weight: 400;\" aria-level=\"1\"><span style=\"font-weight: 400;\">Solicitar la limitaci\u00f3n de su tratamiento.<\/span><\/li><li style=\"font-weight: 400;\" aria-level=\"1\"><span style=\"font-weight: 400;\">Oponerse al tratamiento.<\/span><\/li><li style=\"font-weight: 400;\" aria-level=\"1\"><span style=\"font-weight: 400;\">Solicitar la portabilidad de los datos.<\/span><\/li><\/ul><p><span style=\"font-weight: 400;\">\u00a0<\/span><\/p><p><span style=\"font-weight: 400;\">Si has otorgado tu consentimiento para alguna finalidad concreta, tienes derecho a retirar el consentimiento otorgado en cualquier momento, sin que ello afecte a la licitud del tratamiento basado en el consentimiento previo a su retirada.<\/span><\/p><p><span style=\"font-weight: 400;\">En caso de que sientas vulnerados tus derechos en lo concerniente a la protecci\u00f3n de tus datos personales, puedes presentar una reclamaci\u00f3n ante la Autoridad de Control en materia de Protecci\u00f3n de Datos competente a trav\u00e9s de su sitio web<\/span><a href=\"https:\/\/www.aepd.es\/es\"><i><span style=\"font-weight: 400;\">: https:\/\/www.aepd.es\/es<\/span><\/i><\/a><\/p><p><span style=\"font-weight: 400;\">Para ejercitar estos derechos, puede escribir a info@deacrescente.com.<\/span><\/p><p><b>Existe un formulario para el ejercicio de tus derechos<\/b><span style=\"font-weight: 400;\">, lo puedes pedir por email o si lo prefieres, puedes usar<\/span> <a href=\"https:\/\/www.aepd.es\/es\/derechos-y-deberes\/conoce-tus-derechos\"><i><span style=\"font-weight: 400;\">los elaborados por la Agencia Espa\u00f1ola de Protecci\u00f3n de Datos o terceros.<\/span><\/i><\/a><\/p><p><b>\u00a0<\/b><\/p><p><b>Medidas de seguridad y declaraci\u00f3n de brechas<\/b><\/p><p><span style=\"font-weight: 400;\">Michela Donda asume medidas de seguridad adecuadas al nivel de riesgo para proteger la informaci\u00f3n personal contra p\u00e9rdida, uso indebido y acceso no autorizado, divulgaci\u00f3n, alteraci\u00f3n y destrucci\u00f3n, teniendo en cuenta los riesgos que conlleva el procesamiento y la naturaleza de la informaci\u00f3n personal; no obstante, si Michela Donda, determina que tus datos han sido malversados, se han visto expuestos por una brecha de seguridad o adquiridos de forma incorrecta por un tercero, Michela Donda te informar\u00e1 de inmediato de dicha brecha de seguridad, apropiaci\u00f3n o adquisici\u00f3n indebida<\/span><\/p><p><b>\u00a0<\/b><\/p><p><b>\u00bfA qu\u00e9 destinatarios se comunicar\u00e1n tus datos?<\/b><\/p><p><span style=\"font-weight: 400;\">Muchas herramientas utilizadas en esta web para gestionar datos son contratadas por terceros. Para prestar servicios estrictamente necesarios para el desarrollo de la actividad, Michela Donda comparte datos con los siguientes prestadores bajo sus correspondientes condiciones de privacidad: Proveedores de servicios externos (por ejemplo, servicios de procesamiento de pago, procesamiento de pedidos, an\u00e1lisis, gesti\u00f3n campa\u00f1as de marketing, gesti\u00f3n de sitios web, y distribuci\u00f3n de correo electr\u00f3nico y otros proveedores de servicios similares) a fin de que estos puedan realizar funciones comerciales en nombre de Michela Donda.<\/span><\/p><p><span style=\"font-weight: 400;\">Pueden tener acceso a esta web de forma ocasional la empresa de desarrollo y mantenimiento web, o la de hosting. Las mismas tienen firmado un contrato de prestaci\u00f3n de servicios que les obliga a mantener el mismo nivel de privacidad que se aplica a los tratamientos realizados en esta web.<\/span><\/p><p><span style=\"font-weight: 400;\">Cualquier transferencia internacional de datos derivada de la utilizaci\u00f3n de herramientas o proveedores de servicios, estar\u00e1 adherida al convenio Privacy Shield, que garantiza que las empresas de software americano cumplen las pol\u00edticas de protecci\u00f3n de datos europeas en materia de privacidad, secreto y seguridad de los datos.<\/span><\/p><p><span style=\"font-weight: 400;\">Concretamente esta web utiliza herramientas de email marketing y herramientas de chat online.<\/span><\/p><p><b>\u00a0<\/b><\/p><p><b>Secreto y seguridad de los datos<\/b><\/p><p><span style=\"font-weight: 400;\">deacrescente.com se compromete al uso y tratamiento de los datos personales del usuario, respetando su confidencialidad, de acuerdo con la finalidad de aquellos; as\u00ed como a dar cumplimiento a su obligaci\u00f3n de guardarlos y adaptar todas las medidas para evitar la alteraci\u00f3n, p\u00e9rdida, tratamiento o acceso no autorizado, de conformidad con lo establecido en la normativa vigente de protecci\u00f3n de datos.<\/span><\/p><p><span style=\"font-weight: 400;\">deacrescente.com no puede garantizar la absoluta inexpugnabilidad de la red Internet, ni, por tanto, la violaci\u00f3n de los datos mediante accesos fraudulentos a ellos por parte de terceros.<\/span><\/p><p><span style=\"font-weight: 400;\">Con respecto a la confidencialidad del procesamiento, Michela Donda se asegurar\u00e1 de que cualquier persona que est\u00e9 autorizada por Michela Donda para procesar los datos del cliente (incluido sus colaboradores y prestadores), estar\u00e1 bajo la obligaci\u00f3n apropiada de confidencialidad (ya sea un deber contractual o legal).<\/span><\/p><p><span style=\"font-weight: 400;\">Cuando se presente alg\u00fan incidente de seguridad, al darse cuenta Michela Donda deber\u00e1 notificar al Cliente sin demoras indebidas y deber\u00e1 proporcionar informaci\u00f3n oportuna relacionada con el Incidente de Seguridad tal como se conozca, o cuando el cliente lo solicite razonablemente.<\/span><\/p><p><b>\u00a0<\/b><\/p><p><b>Exactitud y veracidad de los datos<\/b><\/p><p><span style=\"font-weight: 400;\">Como usuario, eres el \u00fanico responsable de la veracidad y correcci\u00f3n de los datos que remitas a deacrescente.com, exonerando a Michela Donda, de cualquier responsabilidad al respecto. Los usuarios garantizan y responden, en cualquier caso, de la exactitud, vigencia y autenticidad de los datos personales facilitados, y se comprometen a mantenerlos debidamente actualizados. El usuario acepta proporcionar informaci\u00f3n completa y correcta en el formulario de contacto o suscripci\u00f3n.<\/span><\/p><p><b>\u00a0<\/b><\/p><p><b>Revocabilidad<\/b><\/p><p><span style=\"font-weight: 400;\">El consentimiento prestado, tanto para el tratamiento como para la cesi\u00f3n de los datos de los interesados, es revocable en cualquier momento comunic\u00e1ndolo a Michela Donda en los t\u00e9rminos establecidos en esta Pol\u00edtica para el ejercicio de los derechos del usuario. Esta revocaci\u00f3n en ning\u00fan caso tendr\u00e1 car\u00e1cter retroactivo.<\/span><\/p><p><b>\u00a0<\/b><\/p><p><b>Cambios en la pol\u00edtica de privacidad<\/b><\/p><p><span style=\"font-weight: 400;\">Michela Donda se reserva el derecho a modificar la presente pol\u00edtica para adaptarla a novedades legislativas o jurisprudenciales, as\u00ed como a pr\u00e1cticas de la industria. En dichos supuestos, anunciar\u00e1 en esta p\u00e1gina los cambios introducidos con razonable antelaci\u00f3n a su puesta en pr\u00e1ctica.<\/span><\/p>\t\t\t\t\t\t<\/div>\n\t\t\t\t<\/div>\n\t\t\t\t\t<\/div>\n\t\t<\/div>\n\t\t\t\t\t<\/div>\n\t\t<\/section>\n\t\t\t\t<\/div>\n\t\t","protected":false},"excerpt":{"rendered":"<p>Informaci\u00f3n adicional sobre protecci\u00f3n de datos Bienvenidos a mi pol\u00edtica de privacidad Para m\u00ed es muy importante la privacidad de mis usuarios y por esta raz\u00f3n te explico aqu\u00ed todo lo que se hace con tus datos personales en esta web. Esta pol\u00edtica expresa c\u00f3mo se tratar\u00e1 y proteger\u00e1 la informaci\u00f3n personal de todas las [&hellip;]<\/p>\n","protected":false},"author":1,"featured_media":0,"parent":0,"menu_order":0,"comment_status":"closed","ping_status":"closed","template":"elementor_header_footer","meta":{"footnotes":""},"class_list":["post-1463","page","type-page","status-publish","hentry"],"yoast_head":"<!-- This site is optimized with the Yoast SEO plugin v22.9 - https:\/\/yoast.com\/wordpress\/plugins\/seo\/ -->\n<title>Pol\u00edtica de Privacidad - Deacrescente<\/title>\n<meta name=\"robots\" content=\"index, follow, max-snippet:-1, max-image-preview:large, max-video-preview:-1\" \/>\n<link rel=\"canonical\" href=\"https:\/\/deacrescente.com\/politica-sulla-riservatezza\/\" \/>\n<meta property=\"og:locale\" content=\"es_ES\" \/>\n<meta property=\"og:type\" content=\"article\" \/>\n<meta property=\"og:title\" content=\"Pol\u00edtica de Privacidad - Deacrescente\" \/>\n<meta property=\"og:description\" content=\"Informaci\u00f3n adicional sobre protecci\u00f3n de datos Bienvenidos a mi pol\u00edtica de privacidad Para m\u00ed es muy importante la privacidad de mis usuarios y por esta raz\u00f3n te explico aqu\u00ed todo lo que se hace con tus datos personales en esta web. Esta pol\u00edtica expresa c\u00f3mo se tratar\u00e1 y proteger\u00e1 la informaci\u00f3n personal de todas las [&hellip;]\" \/>\n<meta property=\"og:url\" content=\"https:\/\/deacrescente.com\/politica-sulla-riservatezza\/\" \/>\n<meta property=\"og:site_name\" content=\"Deacrescente\" \/>\n<meta property=\"article:modified_time\" content=\"2023-08-07T08:39:36+00:00\" \/>\n<meta name=\"twitter:card\" content=\"summary_large_image\" \/>\n<meta name=\"twitter:label1\" content=\"Tiempo de lectura\" \/>\n\t<meta name=\"twitter:data1\" content=\"7 minutos\" \/>\n<script type=\"application\/ld+json\" class=\"yoast-schema-graph\">{\"@context\":\"https:\/\/schema.org\",\"@graph\":[{\"@type\":\"WebPage\",\"@id\":\"https:\/\/deacrescente.com\/politica-sulla-riservatezza\/\",\"url\":\"https:\/\/deacrescente.com\/politica-sulla-riservatezza\/\",\"name\":\"Pol\u00edtica de Privacidad - Deacrescente\",\"isPartOf\":{\"@id\":\"https:\/\/deacrescente.com\/#website\"},\"datePublished\":\"2023-08-01T07:22:49+00:00\",\"dateModified\":\"2023-08-07T08:39:36+00:00\",\"breadcrumb\":{\"@id\":\"https:\/\/deacrescente.com\/politica-sulla-riservatezza\/#breadcrumb\"},\"inLanguage\":\"es\",\"potentialAction\":[{\"@type\":\"ReadAction\",\"target\":[\"https:\/\/deacrescente.com\/politica-sulla-riservatezza\/\"]}]},{\"@type\":\"BreadcrumbList\",\"@id\":\"https:\/\/deacrescente.com\/politica-sulla-riservatezza\/#breadcrumb\",\"itemListElement\":[{\"@type\":\"ListItem\",\"position\":1,\"name\":\"Home\",\"item\":\"https:\/\/deacrescente.com\/\"},{\"@type\":\"ListItem\",\"position\":2,\"name\":\"Pol\u00edtica de Privacidad\"}]},{\"@type\":\"WebSite\",\"@id\":\"https:\/\/deacrescente.com\/#website\",\"url\":\"https:\/\/deacrescente.com\/\",\"name\":\"Deacrescente\",\"description\":\"\",\"publisher\":{\"@id\":\"https:\/\/deacrescente.com\/#organization\"},\"potentialAction\":[{\"@type\":\"SearchAction\",\"target\":{\"@type\":\"EntryPoint\",\"urlTemplate\":\"https:\/\/deacrescente.com\/?s={search_term_string}\"},\"query-input\":\"required name=search_term_string\"}],\"inLanguage\":\"es\"},{\"@type\":\"Organization\",\"@id\":\"https:\/\/deacrescente.com\/#organization\",\"name\":\"Deacrescente\",\"url\":\"https:\/\/deacrescente.com\/\",\"logo\":{\"@type\":\"ImageObject\",\"inLanguage\":\"es\",\"@id\":\"https:\/\/deacrescente.com\/#\/schema\/logo\/image\/\",\"url\":\"https:\/\/deacrescente.com\/wp-content\/uploads\/2023\/05\/LOGO-DEACRECIENTE2.png\",\"contentUrl\":\"https:\/\/deacrescente.com\/wp-content\/uploads\/2023\/05\/LOGO-DEACRECIENTE2.png\",\"width\":1080,\"height\":552,\"caption\":\"Deacrescente\"},\"image\":{\"@id\":\"https:\/\/deacrescente.com\/#\/schema\/logo\/image\/\"},\"sameAs\":[\"https:\/\/www.instagram.com\/deacrescente\/\"]}]}<\/script>\n<!-- \/ Yoast SEO plugin. -->","yoast_head_json":{"title":"Pol\u00edtica de Privacidad - Deacrescente","robots":{"index":"index","follow":"follow","max-snippet":"max-snippet:-1","max-image-preview":"max-image-preview:large","max-video-preview":"max-video-preview:-1"},"canonical":"https:\/\/deacrescente.com\/politica-sulla-riservatezza\/","og_locale":"es_ES","og_type":"article","og_title":"Pol\u00edtica de Privacidad - Deacrescente","og_description":"Informaci\u00f3n adicional sobre protecci\u00f3n de datos Bienvenidos a mi pol\u00edtica de privacidad Para m\u00ed es muy importante la privacidad de mis usuarios y por esta raz\u00f3n te explico aqu\u00ed todo lo que se hace con tus datos personales en esta web. Esta pol\u00edtica expresa c\u00f3mo se tratar\u00e1 y proteger\u00e1 la informaci\u00f3n personal de todas las [&hellip;]","og_url":"https:\/\/deacrescente.com\/politica-sulla-riservatezza\/","og_site_name":"Deacrescente","article_modified_time":"2023-08-07T08:39:36+00:00","twitter_card":"summary_large_image","twitter_misc":{"Tiempo de lectura":"7 minutos"},"schema":{"@context":"https:\/\/schema.org","@graph":[{"@type":"WebPage","@id":"https:\/\/deacrescente.com\/politica-sulla-riservatezza\/","url":"https:\/\/deacrescente.com\/politica-sulla-riservatezza\/","name":"Pol\u00edtica de Privacidad - Deacrescente","isPartOf":{"@id":"https:\/\/deacrescente.com\/#website"},"datePublished":"2023-08-01T07:22:49+00:00","dateModified":"2023-08-07T08:39:36+00:00","breadcrumb":{"@id":"https:\/\/deacrescente.com\/politica-sulla-riservatezza\/#breadcrumb"},"inLanguage":"es","potentialAction":[{"@type":"ReadAction","target":["https:\/\/deacrescente.com\/politica-sulla-riservatezza\/"]}]},{"@type":"BreadcrumbList","@id":"https:\/\/deacrescente.com\/politica-sulla-riservatezza\/#breadcrumb","itemListElement":[{"@type":"ListItem","position":1,"name":"Home","item":"https:\/\/deacrescente.com\/"},{"@type":"ListItem","position":2,"name":"Pol\u00edtica de Privacidad"}]},{"@type":"WebSite","@id":"https:\/\/deacrescente.com\/#website","url":"https:\/\/deacrescente.com\/","name":"Deacrescente","description":"","publisher":{"@id":"https:\/\/deacrescente.com\/#organization"},"potentialAction":[{"@type":"SearchAction","target":{"@type":"EntryPoint","urlTemplate":"https:\/\/deacrescente.com\/?s={search_term_string}"},"query-input":"required name=search_term_string"}],"inLanguage":"es"},{"@type":"Organization","@id":"https:\/\/deacrescente.com\/#organization","name":"Deacrescente","url":"https:\/\/deacrescente.com\/","logo":{"@type":"ImageObject","inLanguage":"es","@id":"https:\/\/deacrescente.com\/#\/schema\/logo\/image\/","url":"https:\/\/deacrescente.com\/wp-content\/uploads\/2023\/05\/LOGO-DEACRECIENTE2.png","contentUrl":"https:\/\/deacrescente.com\/wp-content\/uploads\/2023\/05\/LOGO-DEACRECIENTE2.png","width":1080,"height":552,"caption":"Deacrescente"},"image":{"@id":"https:\/\/deacrescente.com\/#\/schema\/logo\/image\/"},"sameAs":["https:\/\/www.instagram.com\/deacrescente\/"]}]}},"_links":{"self":[{"href":"https:\/\/deacrescente.com\/es\/wp-json\/wp\/v2\/pages\/1463","targetHints":{"allow":["GET"]}}],"collection":[{"href":"https:\/\/deacrescente.com\/es\/wp-json\/wp\/v2\/pages"}],"about":[{"href":"https:\/\/deacrescente.com\/es\/wp-json\/wp\/v2\/types\/page"}],"author":[{"embeddable":true,"href":"https:\/\/deacrescente.com\/es\/wp-json\/wp\/v2\/users\/1"}],"replies":[{"embeddable":true,"href":"https:\/\/deacrescente.com\/es\/wp-json\/wp\/v2\/comments?post=1463"}],"version-history":[{"count":13,"href":"https:\/\/deacrescente.com\/es\/wp-json\/wp\/v2\/pages\/1463\/revisions"}],"predecessor-version":[{"id":1621,"href":"https:\/\/deacrescente.com\/es\/wp-json\/wp\/v2\/pages\/1463\/revisions\/1621"}],"wp:attachment":[{"href":"https:\/\/deacrescente.com\/es\/wp-json\/wp\/v2\/media?parent=1463"}],"curies":[{"name":"wp","href":"https:\/\/api.w.org\/{rel}","templated":true}]}}