{"id":1458,"date":"2023-08-01T09:27:05","date_gmt":"2023-08-01T07:27:05","guid":{"rendered":"https:\/\/deacrescente.com\/politica-de-cookies\/"},"modified":"2023-08-07T10:42:04","modified_gmt":"2023-08-07T08:42:04","slug":"politica-de-cookies","status":"publish","type":"page","link":"https:\/\/deacrescente.com\/es\/politica-de-cookies\/","title":{"rendered":"Pol\u00edtica de Cookies"},"content":{"rendered":"\t\t<div data-elementor-type=\"wp-page\" data-elementor-id=\"1458\" class=\"elementor elementor-1458 elementor-946\" data-elementor-post-type=\"page\">\n\t\t\t\t\t\t<section class=\"elementor-section elementor-top-section elementor-element elementor-element-996cf1f elementor-section-boxed elementor-section-height-default elementor-section-height-default\" data-id=\"996cf1f\" data-element_type=\"section\">\n\t\t\t\t\t\t<div class=\"elementor-container elementor-column-gap-default\">\n\t\t\t\t\t<div class=\"elementor-column elementor-col-100 elementor-top-column elementor-element elementor-element-ed01599\" data-id=\"ed01599\" data-element_type=\"column\">\n\t\t\t<div class=\"elementor-widget-wrap elementor-element-populated\">\n\t\t\t\t\t\t<div class=\"elementor-element elementor-element-a31ba19 elementor-widget elementor-widget-heading\" data-id=\"a31ba19\" data-element_type=\"widget\" data-widget_type=\"heading.default\">\n\t\t\t\t<div class=\"elementor-widget-container\">\n\t\t\t<style>\/*! elementor - v3.22.0 - 17-06-2024 *\/\n.elementor-heading-title{padding:0;margin:0;line-height:1}.elementor-widget-heading .elementor-heading-title[class*=elementor-size-]>a{color:inherit;font-size:inherit;line-height:inherit}.elementor-widget-heading .elementor-heading-title.elementor-size-small{font-size:15px}.elementor-widget-heading .elementor-heading-title.elementor-size-medium{font-size:19px}.elementor-widget-heading .elementor-heading-title.elementor-size-large{font-size:29px}.elementor-widget-heading .elementor-heading-title.elementor-size-xl{font-size:39px}.elementor-widget-heading .elementor-heading-title.elementor-size-xxl{font-size:59px}<\/style><h2 class=\"elementor-heading-title elementor-size-default\">Pol\u00edtica de Cookies<\/h2>\t\t<\/div>\n\t\t\t\t<\/div>\n\t\t\t\t<div class=\"elementor-element elementor-element-61a3aa5 elementor-widget elementor-widget-text-editor\" data-id=\"61a3aa5\" data-element_type=\"widget\" data-widget_type=\"text-editor.default\">\n\t\t\t\t<div class=\"elementor-widget-container\">\n\t\t\t<style>\/*! elementor - v3.22.0 - 17-06-2024 *\/\n.elementor-widget-text-editor.elementor-drop-cap-view-stacked .elementor-drop-cap{background-color:#69727d;color:#fff}.elementor-widget-text-editor.elementor-drop-cap-view-framed .elementor-drop-cap{color:#69727d;border:3px solid;background-color:transparent}.elementor-widget-text-editor:not(.elementor-drop-cap-view-default) .elementor-drop-cap{margin-top:8px}.elementor-widget-text-editor:not(.elementor-drop-cap-view-default) .elementor-drop-cap-letter{width:1em;height:1em}.elementor-widget-text-editor .elementor-drop-cap{float:left;text-align:center;line-height:1;font-size:50px}.elementor-widget-text-editor .elementor-drop-cap-letter{display:inline-block}<\/style>\t\t\t\t<p><span style=\"font-weight: 400;\">En esta web recopilamos y utilizamos la informaci\u00f3n seg\u00fan indicamos en nuestra pol\u00edtica de privacidad. Una de las formas en las que recopilamos informaci\u00f3n es a trav\u00e9s del uso de la tecnolog\u00eda llamada \u201ccookies\u201d. En Michela Donda, utilizamos cookies para varias cosas.<\/span><\/p><p><b>\u00bfQu\u00e9 es una cookie?<\/b><\/p><p><span style=\"font-weight: 400;\">Una \u201ccookie\u201d es una peque\u00f1a cantidad de texto que se almacena en tu navegador (p.ej. Chrome de Google)<\/span> <span style=\"font-weight: 400;\">cuando navegas por la mayor\u00eda de los sitios web.<\/span><b>\u00a0<\/b><\/p><p>\u00a0<\/p><p><b>\u00bfQu\u00e9 informaci\u00f3n almacena una cookie?<\/b><\/p><p><span style=\"font-weight: 400;\">Las cookies no suelen almacenar informaci\u00f3n sensible sobre usted, como tarjetas de cr\u00e9dito o datos bancarios, fotograf\u00edas o informaci\u00f3n personal, etc. Los datos que guardan son de car\u00e1cter t\u00e9cnico, estad\u00edsticos, preferencias personales, personalizaci\u00f3n de contenidos, etc.<\/span><\/p><p><b>\u00a0<\/b><\/p><p><b>\u00bfQu\u00e9 tipo de cookies existen?<\/b><\/p><p><b>Cookies t\u00e9cnicas:<\/b> <span style=\"font-weight: 400;\">Son las m\u00e1s elementales y permiten, entre otras cosas, saber cu\u00e1ndo est\u00e1 navegando un humano o una aplicaci\u00f3n automatizada, cu\u00e1ndo navega un usuario an\u00f3nimo y uno registrado, tareas b\u00e1sicas para el funcionamiento de cualquier web din\u00e1mica.<\/span><\/p><p><b>Cookies de an\u00e1lisis:<\/b> <span style=\"font-weight: 400;\">Recogen informaci\u00f3n sobre el tipo de navegaci\u00f3n que est\u00e1 realizando, las secciones que m\u00e1s utiliza, productos consultados, franja horaria de uso, idioma, etc.<\/span><\/p><p><b>Cookies publicitarias:<\/b> <span style=\"font-weight: 400;\">Muestran publicidad en funci\u00f3n de tu navegaci\u00f3n, tu pa\u00eds de procedencia, idioma, etc.<\/span><\/p><p><b>Cookies aceptadas por la normativa y cookies exceptuadas<\/b><\/p><p><span style=\"font-weight: 400;\">Seg\u00fan la directiva de la UE, las cookies que requieren el consentimiento informado por parte del usuario son las cookies de anal\u00edtica, y las de publicidad y afiliaci\u00f3n, quedando exceptuadas las de car\u00e1cter t\u00e9cnico y las necesarias para el funcionamiento del sitio web o la prestaci\u00f3n de servicios expresamente solicitados por el usuario.<\/span><\/p><p><b>\u00a0<\/b><\/p><p><b>\u00bf<\/b><b style=\"font-family: var( --e-global-typography-text-font-family ), Sans-serif; font-size: var( --e-global-typography-text-font-size ); background-color: var( --e-global-color-55206cb );\">Qu\u00e9 cookies utiliza esta web?<\/b><\/p><p><span style=\"font-weight: 400;\">Esta web utiliza cookies propias y de terceros. Concretamente en este sitio web se utilizan las cookies anal\u00edticas de <\/span><i><span style=\"font-weight: 400;\">Google Analytics <\/span><\/i><span style=\"font-weight: 400;\">para ayudar al website a analizar el uso que hacen los usuarios del sitio web y mejorar la usabilidad del mismo, pero en ning\u00fan caso se asocian a datos que pudieran llegar a identificar al usuario. Google Analytics es un servicio anal\u00edtico de web prestado por Google Inc. El usuario puede consultar <\/span><a href=\"https:\/\/www.google.es\/intl\/es\/policies\/technologies\/types\/\"><i><span style=\"font-weight: 400;\">qui<\/span><\/i><\/a><span style=\"font-weight: 400;\"> il tipo di cookie utilizzati da Google.<\/span><\/p><p><b>\u00a0<\/b><\/p><p><b>Aceptaci\u00f3n de cookies<\/b><\/p><p><span style=\"font-weight: 400;\">Al acceder a este sitio web o aplicaci\u00f3n por primera vez, aparecer\u00e1 una advertencia donde se le informa de la utilizaci\u00f3n de las cookies y donde se puede consultar esta pol\u00edtica de cookies.<\/span><\/p><p><span style=\"font-weight: 400;\">No se descargar\u00e1 ninguna cookie hasta que el usuario no consienta expresamente la instalaci\u00f3n de las cookies. Si el usuario consiente la utilizaci\u00f3n de cookies, se realizar\u00e1 la instalaci\u00f3n de las mismas en su equipo o dispositivo.<\/span><\/p><p><span style=\"font-weight: 400;\">Adem\u00e1s del uso de nuestras cookies propias, permitimos a terceros establecer cookies y acceder a ellas en su dispositivo. El consentimiento del uso de las cookies de estas empresas est\u00e1 ligado a la navegaci\u00f3n por este sitio web.<\/span><\/p><p><b>\u00a0<\/b><\/p><p><b>\u00bfSe pueden eliminar las cookies?<\/b><\/p><p><span style=\"font-weight: 400;\">Las cookies se pueden eliminar y tambi\u00e9n bloquear, de forma general o particular para un dominio espec\u00edfico.<\/span><\/p><p><span style=\"font-weight: 400;\">Para eliminar las cookies de un sitio web debes ir a la configuraci\u00f3n de tu navegador y all\u00ed podr\u00e1s buscar las asociadas al dominio en cuesti\u00f3n y proceder a su eliminaci\u00f3n.<\/span><\/p><p><b>\u00a0<\/b><\/p><p><b>M\u00e1s informaci\u00f3n sobre las cookies<\/b><\/p><p><span style=\"font-weight: 400;\">Puedes consultar el reglamento sobre cookies publicado por la Agencia Espa\u00f1ola de Protecci\u00f3n de Datos en su<\/span> <i><span style=\"font-weight: 400;\">\u201c<\/span><\/i><a href=\"https:\/\/www.aepd.es\/sites\/default\/files\/2020-07\/guia-cookies.pdf\"><i><span style=\"font-weight: 400;\">Gu\u00eda sobre el uso de las cookies\u201d<\/span><\/i><\/a> <span style=\"font-weight: 400;\">y obtener m\u00e1s informaci\u00f3n sobre las cookies en Internet,<\/span> <a href=\"http:\/\/www.aboutcookies.org\/\"><i><span style=\"font-weight: 400;\">http:\/\/www.aboutcookies.org\/<\/span><\/i><\/a><\/p><p><span style=\"font-weight: 400;\">Si deseas tener un mayor control sobre la instalaci\u00f3n de cookies, puedes instalar programas o complementos a tu navegador, conocidos como herramientas de<\/span> <i><span style=\"font-weight: 400;\">\u201cDo Not Track\u201d<\/span><\/i><span style=\"font-weight: 400;\">, que te permitir\u00e1n escoger aquellas cookies que deseas permitir.<\/span><\/p><p><span style=\"font-weight: 400;\">Esta pol\u00edtica de cookies ha sido actualizada por \u00faltima vez el 1<\/span> <span style=\"font-weight: 400;\">agosto 2023.<\/span><\/p>\t\t\t\t\t\t<\/div>\n\t\t\t\t<\/div>\n\t\t\t\t\t<\/div>\n\t\t<\/div>\n\t\t\t\t\t<\/div>\n\t\t<\/section>\n\t\t\t\t<\/div>\n\t\t","protected":false},"excerpt":{"rendered":"<p>En esta web recopilamos y utilizamos la informaci\u00f3n seg\u00fan indicamos en nuestra pol\u00edtica de privacidad. Una de las formas en las que recopilamos informaci\u00f3n es a trav\u00e9s del uso de la tecnolog\u00eda llamada \u201ccookies\u201d. En Michela Donda, utilizamos cookies para varias cosas. \u00bfQu\u00e9 es una cookie? Una \u201ccookie\u201d es una peque\u00f1a cantidad de texto que [&hellip;]<\/p>\n","protected":false},"author":1,"featured_media":0,"parent":0,"menu_order":0,"comment_status":"closed","ping_status":"closed","template":"elementor_header_footer","meta":{"footnotes":""},"class_list":["post-1458","page","type-page","status-publish","hentry"],"yoast_head":"<!-- This site is optimized with the Yoast SEO plugin v22.9 - https:\/\/yoast.com\/wordpress\/plugins\/seo\/ -->\n<title>Pol\u00edtica de Cookies - Deacrescente<\/title>\n<meta name=\"robots\" content=\"index, follow, max-snippet:-1, max-image-preview:large, max-video-preview:-1\" \/>\n<link rel=\"canonical\" href=\"https:\/\/deacrescente.com\/informativa-sui-cookie\/\" \/>\n<meta property=\"og:locale\" content=\"es_ES\" \/>\n<meta property=\"og:type\" content=\"article\" \/>\n<meta property=\"og:title\" content=\"Pol\u00edtica de Cookies - Deacrescente\" \/>\n<meta property=\"og:description\" content=\"En esta web recopilamos y utilizamos la informaci\u00f3n seg\u00fan indicamos en nuestra pol\u00edtica de privacidad. Una de las formas en las que recopilamos informaci\u00f3n es a trav\u00e9s del uso de la tecnolog\u00eda llamada \u201ccookies\u201d. En Michela Donda, utilizamos cookies para varias cosas. \u00bfQu\u00e9 es una cookie? Una \u201ccookie\u201d es una peque\u00f1a cantidad de texto que [&hellip;]\" \/>\n<meta property=\"og:url\" content=\"https:\/\/deacrescente.com\/informativa-sui-cookie\/\" \/>\n<meta property=\"og:site_name\" content=\"Deacrescente\" \/>\n<meta property=\"article:modified_time\" content=\"2023-08-07T08:42:04+00:00\" \/>\n<meta name=\"twitter:card\" content=\"summary_large_image\" \/>\n<meta name=\"twitter:label1\" content=\"Tiempo de lectura\" \/>\n\t<meta name=\"twitter:data1\" content=\"3 minutos\" \/>\n<script type=\"application\/ld+json\" class=\"yoast-schema-graph\">{\"@context\":\"https:\/\/schema.org\",\"@graph\":[{\"@type\":\"WebPage\",\"@id\":\"https:\/\/deacrescente.com\/informativa-sui-cookie\/\",\"url\":\"https:\/\/deacrescente.com\/informativa-sui-cookie\/\",\"name\":\"Pol\u00edtica de Cookies - Deacrescente\",\"isPartOf\":{\"@id\":\"https:\/\/deacrescente.com\/#website\"},\"datePublished\":\"2023-08-01T07:27:05+00:00\",\"dateModified\":\"2023-08-07T08:42:04+00:00\",\"breadcrumb\":{\"@id\":\"https:\/\/deacrescente.com\/informativa-sui-cookie\/#breadcrumb\"},\"inLanguage\":\"es\",\"potentialAction\":[{\"@type\":\"ReadAction\",\"target\":[\"https:\/\/deacrescente.com\/informativa-sui-cookie\/\"]}]},{\"@type\":\"BreadcrumbList\",\"@id\":\"https:\/\/deacrescente.com\/informativa-sui-cookie\/#breadcrumb\",\"itemListElement\":[{\"@type\":\"ListItem\",\"position\":1,\"name\":\"Home\",\"item\":\"https:\/\/deacrescente.com\/\"},{\"@type\":\"ListItem\",\"position\":2,\"name\":\"Pol\u00edtica de Cookies\"}]},{\"@type\":\"WebSite\",\"@id\":\"https:\/\/deacrescente.com\/#website\",\"url\":\"https:\/\/deacrescente.com\/\",\"name\":\"Deacrescente\",\"description\":\"\",\"publisher\":{\"@id\":\"https:\/\/deacrescente.com\/#organization\"},\"potentialAction\":[{\"@type\":\"SearchAction\",\"target\":{\"@type\":\"EntryPoint\",\"urlTemplate\":\"https:\/\/deacrescente.com\/?s={search_term_string}\"},\"query-input\":\"required name=search_term_string\"}],\"inLanguage\":\"es\"},{\"@type\":\"Organization\",\"@id\":\"https:\/\/deacrescente.com\/#organization\",\"name\":\"Deacrescente\",\"url\":\"https:\/\/deacrescente.com\/\",\"logo\":{\"@type\":\"ImageObject\",\"inLanguage\":\"es\",\"@id\":\"https:\/\/deacrescente.com\/#\/schema\/logo\/image\/\",\"url\":\"https:\/\/deacrescente.com\/wp-content\/uploads\/2023\/05\/LOGO-DEACRECIENTE2.png\",\"contentUrl\":\"https:\/\/deacrescente.com\/wp-content\/uploads\/2023\/05\/LOGO-DEACRECIENTE2.png\",\"width\":1080,\"height\":552,\"caption\":\"Deacrescente\"},\"image\":{\"@id\":\"https:\/\/deacrescente.com\/#\/schema\/logo\/image\/\"},\"sameAs\":[\"https:\/\/www.instagram.com\/deacrescente\/\"]}]}<\/script>\n<!-- \/ Yoast SEO plugin. -->","yoast_head_json":{"title":"Pol\u00edtica de Cookies - Deacrescente","robots":{"index":"index","follow":"follow","max-snippet":"max-snippet:-1","max-image-preview":"max-image-preview:large","max-video-preview":"max-video-preview:-1"},"canonical":"https:\/\/deacrescente.com\/informativa-sui-cookie\/","og_locale":"es_ES","og_type":"article","og_title":"Pol\u00edtica de Cookies - Deacrescente","og_description":"En esta web recopilamos y utilizamos la informaci\u00f3n seg\u00fan indicamos en nuestra pol\u00edtica de privacidad. Una de las formas en las que recopilamos informaci\u00f3n es a trav\u00e9s del uso de la tecnolog\u00eda llamada \u201ccookies\u201d. En Michela Donda, utilizamos cookies para varias cosas. \u00bfQu\u00e9 es una cookie? Una \u201ccookie\u201d es una peque\u00f1a cantidad de texto que [&hellip;]","og_url":"https:\/\/deacrescente.com\/informativa-sui-cookie\/","og_site_name":"Deacrescente","article_modified_time":"2023-08-07T08:42:04+00:00","twitter_card":"summary_large_image","twitter_misc":{"Tiempo de lectura":"3 minutos"},"schema":{"@context":"https:\/\/schema.org","@graph":[{"@type":"WebPage","@id":"https:\/\/deacrescente.com\/informativa-sui-cookie\/","url":"https:\/\/deacrescente.com\/informativa-sui-cookie\/","name":"Pol\u00edtica de Cookies - Deacrescente","isPartOf":{"@id":"https:\/\/deacrescente.com\/#website"},"datePublished":"2023-08-01T07:27:05+00:00","dateModified":"2023-08-07T08:42:04+00:00","breadcrumb":{"@id":"https:\/\/deacrescente.com\/informativa-sui-cookie\/#breadcrumb"},"inLanguage":"es","potentialAction":[{"@type":"ReadAction","target":["https:\/\/deacrescente.com\/informativa-sui-cookie\/"]}]},{"@type":"BreadcrumbList","@id":"https:\/\/deacrescente.com\/informativa-sui-cookie\/#breadcrumb","itemListElement":[{"@type":"ListItem","position":1,"name":"Home","item":"https:\/\/deacrescente.com\/"},{"@type":"ListItem","position":2,"name":"Pol\u00edtica de Cookies"}]},{"@type":"WebSite","@id":"https:\/\/deacrescente.com\/#website","url":"https:\/\/deacrescente.com\/","name":"Deacrescente","description":"","publisher":{"@id":"https:\/\/deacrescente.com\/#organization"},"potentialAction":[{"@type":"SearchAction","target":{"@type":"EntryPoint","urlTemplate":"https:\/\/deacrescente.com\/?s={search_term_string}"},"query-input":"required name=search_term_string"}],"inLanguage":"es"},{"@type":"Organization","@id":"https:\/\/deacrescente.com\/#organization","name":"Deacrescente","url":"https:\/\/deacrescente.com\/","logo":{"@type":"ImageObject","inLanguage":"es","@id":"https:\/\/deacrescente.com\/#\/schema\/logo\/image\/","url":"https:\/\/deacrescente.com\/wp-content\/uploads\/2023\/05\/LOGO-DEACRECIENTE2.png","contentUrl":"https:\/\/deacrescente.com\/wp-content\/uploads\/2023\/05\/LOGO-DEACRECIENTE2.png","width":1080,"height":552,"caption":"Deacrescente"},"image":{"@id":"https:\/\/deacrescente.com\/#\/schema\/logo\/image\/"},"sameAs":["https:\/\/www.instagram.com\/deacrescente\/"]}]}},"_links":{"self":[{"href":"https:\/\/deacrescente.com\/es\/wp-json\/wp\/v2\/pages\/1458","targetHints":{"allow":["GET"]}}],"collection":[{"href":"https:\/\/deacrescente.com\/es\/wp-json\/wp\/v2\/pages"}],"about":[{"href":"https:\/\/deacrescente.com\/es\/wp-json\/wp\/v2\/types\/page"}],"author":[{"embeddable":true,"href":"https:\/\/deacrescente.com\/es\/wp-json\/wp\/v2\/users\/1"}],"replies":[{"embeddable":true,"href":"https:\/\/deacrescente.com\/es\/wp-json\/wp\/v2\/comments?post=1458"}],"version-history":[{"count":10,"href":"https:\/\/deacrescente.com\/es\/wp-json\/wp\/v2\/pages\/1458\/revisions"}],"predecessor-version":[{"id":1630,"href":"https:\/\/deacrescente.com\/es\/wp-json\/wp\/v2\/pages\/1458\/revisions\/1630"}],"wp:attachment":[{"href":"https:\/\/deacrescente.com\/es\/wp-json\/wp\/v2\/media?parent=1458"}],"curies":[{"name":"wp","href":"https:\/\/api.w.org\/{rel}","templated":true}]}}