{"id":1456,"date":"2023-08-01T09:30:23","date_gmt":"2023-08-01T07:30:23","guid":{"rendered":"https:\/\/deacrescente.com\/aviso-legal\/"},"modified":"2023-08-07T10:44:48","modified_gmt":"2023-08-07T08:44:48","slug":"aviso-legal","status":"publish","type":"page","link":"https:\/\/deacrescente.com\/es\/aviso-legal\/","title":{"rendered":"Aviso Legal"},"content":{"rendered":"\t\t<div data-elementor-type=\"wp-page\" data-elementor-id=\"1456\" class=\"elementor elementor-1456 elementor-952\" data-elementor-post-type=\"page\">\n\t\t\t\t\t\t<section class=\"elementor-section elementor-top-section elementor-element elementor-element-996cf1f elementor-section-boxed elementor-section-height-default elementor-section-height-default\" data-id=\"996cf1f\" data-element_type=\"section\">\n\t\t\t\t\t\t<div class=\"elementor-container elementor-column-gap-default\">\n\t\t\t\t\t<div class=\"elementor-column elementor-col-100 elementor-top-column elementor-element elementor-element-ed01599\" data-id=\"ed01599\" data-element_type=\"column\">\n\t\t\t<div class=\"elementor-widget-wrap elementor-element-populated\">\n\t\t\t\t\t\t<div class=\"elementor-element elementor-element-a31ba19 elementor-widget elementor-widget-heading\" data-id=\"a31ba19\" data-element_type=\"widget\" data-widget_type=\"heading.default\">\n\t\t\t\t<div class=\"elementor-widget-container\">\n\t\t\t<style>\/*! elementor - v3.22.0 - 17-06-2024 *\/\n.elementor-heading-title{padding:0;margin:0;line-height:1}.elementor-widget-heading .elementor-heading-title[class*=elementor-size-]>a{color:inherit;font-size:inherit;line-height:inherit}.elementor-widget-heading .elementor-heading-title.elementor-size-small{font-size:15px}.elementor-widget-heading .elementor-heading-title.elementor-size-medium{font-size:19px}.elementor-widget-heading .elementor-heading-title.elementor-size-large{font-size:29px}.elementor-widget-heading .elementor-heading-title.elementor-size-xl{font-size:39px}.elementor-widget-heading .elementor-heading-title.elementor-size-xxl{font-size:59px}<\/style><h2 class=\"elementor-heading-title elementor-size-default\">Aviso Legal<\/h2>\t\t<\/div>\n\t\t\t\t<\/div>\n\t\t\t\t<div class=\"elementor-element elementor-element-61a3aa5 elementor-widget elementor-widget-text-editor\" data-id=\"61a3aa5\" data-element_type=\"widget\" data-widget_type=\"text-editor.default\">\n\t\t\t\t<div class=\"elementor-widget-container\">\n\t\t\t<style>\/*! elementor - v3.22.0 - 17-06-2024 *\/\n.elementor-widget-text-editor.elementor-drop-cap-view-stacked .elementor-drop-cap{background-color:#69727d;color:#fff}.elementor-widget-text-editor.elementor-drop-cap-view-framed .elementor-drop-cap{color:#69727d;border:3px solid;background-color:transparent}.elementor-widget-text-editor:not(.elementor-drop-cap-view-default) .elementor-drop-cap{margin-top:8px}.elementor-widget-text-editor:not(.elementor-drop-cap-view-default) .elementor-drop-cap-letter{width:1em;height:1em}.elementor-widget-text-editor .elementor-drop-cap{float:left;text-align:center;line-height:1;font-size:50px}.elementor-widget-text-editor .elementor-drop-cap-letter{display:inline-block}<\/style>\t\t\t\t<p><span style=\"font-weight: 400;\">Para garantizar tus derechos de usuario, te ofrezco m\u00e1xima transparencia sobre esta web. deacrescente.com cumple rigurosamente con estas leyes:<\/span><\/p><p><span style=\"font-weight: 400;\">La Ley Org\u00e1nica 3\/2018, de 5 de diciembre, de Protecci\u00f3n de Datos Personales y garant\u00eda de los derechos digitales (LOPDGDD)<\/span><\/p><p><span style=\"font-weight: 400;\">El Reglamento (UE) 2016\/679 del Parlamento Europeo y del Consejo de 27 de abril de 2016 relativo a la protecci\u00f3n de las personas f\u00edsicas (RGPD)<\/span><\/p><p><span style=\"font-weight: 400;\">La Ley 34\/2002, de 11 de julio, de Servicios de la Sociedad de la Informaci\u00f3n y Comercio Electr\u00f3nico (LSSICE o LSSI).<\/span><\/p><p>\u00a0<\/p><p><b>\u00bfQuien es el responsable de la web?<\/b><\/p><p><span style=\"font-weight: 400;\">Denominaci\u00f3n social: Michela Donda<\/span><\/p><p><span style=\"font-weight: 400;\">NIF: ESY2807779E<\/span><\/p><p><span style=\"font-weight: 400;\">Correo electr\u00f3nico:<\/span> <b>info@deacrescente.com<\/b><\/p><p><span style=\"font-weight: 400;\">Domicilio social: Calle de Sant Vicen\u00e7 3 Principal 1 08001 Barcelona, Espa\u00f1a<\/span><\/p><p><span style=\"font-weight: 400;\">Su actividad social es: servicios de doula y consultor\u00eda de lactancia<\/span><\/p><p>\u00a0<\/p><p><b>\u00bfQue datos personales recabo?<\/b><\/p><p><span style=\"font-weight: 400;\">Para saber que datos personales recabo y c\u00f3mo lo hago<\/span>, lee la <span style=\"text-decoration: underline;\"><a href=\"https:\/\/deacrescente.com\/es\/politica-de-privacidad\/\"><b>Pol\u00edtica de Privacidad<\/b><span style=\"font-weight: 400;\">.<\/span><\/a><\/span><\/p><p>\u00a0<\/p><p><b>Compromisos y obligaciones de los usuarios<\/b><\/p><p><span style=\"font-weight: 400;\">El usuario queda informado, y acepta, que el acceso a la presente web no supone, en modo alguno, el inicio de una relaci\u00f3n comercial con Michela Donda. De esta forma, el usuario se compromete a utilizar el sitio web, sus servicios y contenidos sin contravenir la legislaci\u00f3n vigente, la buena fe y el orden p\u00fablico.<\/span><\/p><p><span style=\"font-weight: 400;\">Queda prohibido el uso de la web, con fines il\u00edcitos o lesivos, o que, de cualquier forma, puedan causar perjuicio o impedir el normal funcionamiento del sitio web. Respecto de los contenidos de esta web, se proh\u00edbe:<\/span><\/p><ul><li style=\"font-weight: 400;\" aria-level=\"1\"><span style=\"font-weight: 400;\">Su reproducci\u00f3n, distribuci\u00f3n o modificaci\u00f3n, total o parcial, a menos que se cuente con mi autorizaci\u00f3n como leg\u00edtimo titular.<\/span><\/li><li style=\"font-weight: 400;\" aria-level=\"1\"><span style=\"font-weight: 400;\">Cualquier vulneraci\u00f3n de los derechos del prestador o de mi como leg\u00edtimo titular.<\/span><\/li><li style=\"font-weight: 400;\" aria-level=\"1\"><span style=\"font-weight: 400;\">Su utilizaci\u00f3n para fines comerciales o publicitarios.<\/span><\/li><\/ul><p><span style=\"font-weight: 400;\">En la utilizaci\u00f3n de la web deacrescente.com el usuario se compromete a no llevar a cabo ninguna conducta que pudiera da\u00f1ar la imagen, los intereses y los derechos de Michela Donda o de terceros, o que pudiera da\u00f1ar, inutilizar o sobrecargar el portal deacrescente.com, o que impidiera, de cualquier forma, la normal utilizaci\u00f3n de la web.<\/span><\/p><p><span style=\"font-weight: 400;\">No obstante, el usuario debe ser consciente de que las medidas de seguridad de los sistemas inform\u00e1ticos en Internet no son enteramente fiables y que, por tanto, deacrescente.com no puede garantizar la inexistencia de malware u otros elementos que puedan producir alteraciones en los sistemas inform\u00e1ticos (software y hardware) del usuario o en sus documentos electr\u00f3nicos y ficheros contenidos en los mismos, aunque pongo todos los medios necesarios y las medidas de seguridad oportunas para evitar la presencia de estos elementos da\u00f1inos.<\/span><\/p><p>\u00a0<\/p><p><b>Medidas de seguridad<\/b><\/p><p><span style=\"font-weight: 400;\">Los datos personales comunicados por el usuario a Michela Donda pueden ser almacenados en bases de datos automatizadas o no, cuya titularidad corresponde en exclusiva a Michela Donda, asumiendo \u00e9sta todas las medidas de \u00edndole t\u00e9cnica, organizativa y de seguridad que garantizan la confidencialidad, integridad y calidad de la informaci\u00f3n contenida en las mismas de acuerdo con lo establecido en la normativa vigente en protecci\u00f3n de datos.<\/span><\/p><p><span style=\"font-weight: 400;\">La comunicaci\u00f3n entre los usuarios y deacrescente.com utiliza un canal seguro, y los datos transmitidos son cifrados gracias al protocolo https, por tanto, dispongo las mejores condiciones de seguridad para que la confidencialidad de los usuarios est\u00e9 garantizada.<\/span><\/p><p>\u00a0<\/p><p><b>Plataforma de resoluci\u00f3n de conflictos<\/b><\/p><p><span style=\"font-weight: 400;\">Pongo tambi\u00e9n a disposici\u00f3n de los usuarios la plataforma de resoluci\u00f3n de litigios que facilita la Comisi\u00f3n Europea y que se encuentra disponible en el siguiente enlace:<\/span> <a href=\"http:\/\/ec.europa.eu\/consumers\/odr\/\"><b>http:\/\/ec.europa.eu\/consumers\/odr\/<\/b><\/a><\/p><p>\u00a0<\/p><p><b>Exclusi\u00f3n de garant\u00edas y responsable<\/b><\/p><p><span style=\"font-weight: 400;\">Michela Donda no otorga ninguna garant\u00eda ni se hace responsable, en ning\u00fan caso, de los da\u00f1os y perjuicios de cualquier naturaleza que pudieran traer causa de:<\/span><\/p><ul><li style=\"font-weight: 400;\" aria-level=\"1\"><span style=\"font-weight: 400;\">La falta de disponibilidad, mantenimiento y efectivo funcionamiento de la web, o de sus<\/span> <span style=\"font-weight: 400;\">servicios y contenidos.<\/span><\/li><li style=\"font-weight: 400;\" aria-level=\"1\"><span style=\"font-weight: 400;\">La existencia de malware, programas maliciosos o lesivos en los contenidos.<\/span><\/li><li style=\"font-weight: 400;\" aria-level=\"1\"><span style=\"font-weight: 400;\">El uso il\u00edcito, negligente, fraudulento o contrario a este Aviso Legal.<\/span><\/li><li style=\"font-weight: 400;\" aria-level=\"1\"><span style=\"font-weight: 400;\">La falta de licitud, calidad, fiabilidad, utilidad y disponibilidad de los servicios prestados por terceros y<\/span> <span style=\"font-weight: 400;\">puestos a disposici\u00f3n de los usuarios en el sitio web.<\/span><\/li><\/ul><p><span style=\"font-weight: 400;\">El prestador no se hace responsable bajo ning\u00fan concepto de los da\u00f1os que pudieran dimanar del uso ilegal o indebido de la presente p\u00e1gina web.<\/span><\/p><p>\u00a0<\/p><p><b>Ley aplicable y jurisdicci\u00f3n<\/b><\/p><p><span style=\"font-weight: 400;\">Con car\u00e1cter general las relaciones entre Michela Donda y los usuarios de sus servicios telem\u00e1ticos presentes en esta web, se encuentran sometidas a la legislaci\u00f3n y jurisdicci\u00f3n espa\u00f1olas y a los tribunales de Barcelona. En caso de que cualquier usuario tuviese alguna duda acerca de las condiciones de este Aviso Legal o cualquier comentario sobre el portal deacrescente.com, por favor dir\u00edjase a <\/span><b>info@deacrescente.com<\/b><span style=\"font-weight: 400;\">.<\/span><\/p><p>\u00a0<\/p><p><span style=\"font-weight: 400;\">El Aviso Legal ha sido actualizado por \u00faltima vez el 1 de agosto del 2023.<\/span><\/p>\t\t\t\t\t\t<\/div>\n\t\t\t\t<\/div>\n\t\t\t\t\t<\/div>\n\t\t<\/div>\n\t\t\t\t\t<\/div>\n\t\t<\/section>\n\t\t\t\t<\/div>\n\t\t","protected":false},"excerpt":{"rendered":"<p>Para garantizar tus derechos de usuario, te ofrezco m\u00e1xima transparencia sobre esta web. deacrescente.com cumple rigurosamente con estas leyes: La Ley Org\u00e1nica 3\/2018, de 5 de diciembre, de Protecci\u00f3n de Datos Personales y garant\u00eda de los derechos digitales (LOPDGDD) El Reglamento (UE) 2016\/679 del Parlamento Europeo y del Consejo de 27 de abril de 2016 [&hellip;]<\/p>\n","protected":false},"author":1,"featured_media":0,"parent":0,"menu_order":0,"comment_status":"closed","ping_status":"closed","template":"elementor_header_footer","meta":{"footnotes":""},"class_list":["post-1456","page","type-page","status-publish","hentry"],"yoast_head":"<!-- This site is optimized with the Yoast SEO plugin v22.9 - https:\/\/yoast.com\/wordpress\/plugins\/seo\/ -->\n<title>Aviso Legal - Deacrescente<\/title>\n<meta name=\"robots\" content=\"index, follow, max-snippet:-1, max-image-preview:large, max-video-preview:-1\" \/>\n<link rel=\"canonical\" href=\"https:\/\/deacrescente.com\/avviso-legale\/\" \/>\n<meta property=\"og:locale\" content=\"es_ES\" \/>\n<meta property=\"og:type\" content=\"article\" \/>\n<meta property=\"og:title\" content=\"Aviso Legal - Deacrescente\" \/>\n<meta property=\"og:description\" content=\"Para garantizar tus derechos de usuario, te ofrezco m\u00e1xima transparencia sobre esta web. deacrescente.com cumple rigurosamente con estas leyes: La Ley Org\u00e1nica 3\/2018, de 5 de diciembre, de Protecci\u00f3n de Datos Personales y garant\u00eda de los derechos digitales (LOPDGDD) El Reglamento (UE) 2016\/679 del Parlamento Europeo y del Consejo de 27 de abril de 2016 [&hellip;]\" \/>\n<meta property=\"og:url\" content=\"https:\/\/deacrescente.com\/avviso-legale\/\" \/>\n<meta property=\"og:site_name\" content=\"Deacrescente\" \/>\n<meta property=\"article:modified_time\" content=\"2023-08-07T08:44:48+00:00\" \/>\n<meta name=\"twitter:card\" content=\"summary_large_image\" \/>\n<meta name=\"twitter:label1\" content=\"Tiempo de lectura\" \/>\n\t<meta name=\"twitter:data1\" content=\"4 minutos\" \/>\n<script type=\"application\/ld+json\" class=\"yoast-schema-graph\">{\"@context\":\"https:\/\/schema.org\",\"@graph\":[{\"@type\":\"WebPage\",\"@id\":\"https:\/\/deacrescente.com\/avviso-legale\/\",\"url\":\"https:\/\/deacrescente.com\/avviso-legale\/\",\"name\":\"Aviso Legal - Deacrescente\",\"isPartOf\":{\"@id\":\"https:\/\/deacrescente.com\/#website\"},\"datePublished\":\"2023-08-01T07:30:23+00:00\",\"dateModified\":\"2023-08-07T08:44:48+00:00\",\"breadcrumb\":{\"@id\":\"https:\/\/deacrescente.com\/avviso-legale\/#breadcrumb\"},\"inLanguage\":\"es\",\"potentialAction\":[{\"@type\":\"ReadAction\",\"target\":[\"https:\/\/deacrescente.com\/avviso-legale\/\"]}]},{\"@type\":\"BreadcrumbList\",\"@id\":\"https:\/\/deacrescente.com\/avviso-legale\/#breadcrumb\",\"itemListElement\":[{\"@type\":\"ListItem\",\"position\":1,\"name\":\"Home\",\"item\":\"https:\/\/deacrescente.com\/\"},{\"@type\":\"ListItem\",\"position\":2,\"name\":\"Aviso Legal\"}]},{\"@type\":\"WebSite\",\"@id\":\"https:\/\/deacrescente.com\/#website\",\"url\":\"https:\/\/deacrescente.com\/\",\"name\":\"Deacrescente\",\"description\":\"\",\"publisher\":{\"@id\":\"https:\/\/deacrescente.com\/#organization\"},\"potentialAction\":[{\"@type\":\"SearchAction\",\"target\":{\"@type\":\"EntryPoint\",\"urlTemplate\":\"https:\/\/deacrescente.com\/?s={search_term_string}\"},\"query-input\":\"required name=search_term_string\"}],\"inLanguage\":\"es\"},{\"@type\":\"Organization\",\"@id\":\"https:\/\/deacrescente.com\/#organization\",\"name\":\"Deacrescente\",\"url\":\"https:\/\/deacrescente.com\/\",\"logo\":{\"@type\":\"ImageObject\",\"inLanguage\":\"es\",\"@id\":\"https:\/\/deacrescente.com\/#\/schema\/logo\/image\/\",\"url\":\"https:\/\/deacrescente.com\/wp-content\/uploads\/2023\/05\/LOGO-DEACRECIENTE2.png\",\"contentUrl\":\"https:\/\/deacrescente.com\/wp-content\/uploads\/2023\/05\/LOGO-DEACRECIENTE2.png\",\"width\":1080,\"height\":552,\"caption\":\"Deacrescente\"},\"image\":{\"@id\":\"https:\/\/deacrescente.com\/#\/schema\/logo\/image\/\"},\"sameAs\":[\"https:\/\/www.instagram.com\/deacrescente\/\"]}]}<\/script>\n<!-- \/ Yoast SEO plugin. -->","yoast_head_json":{"title":"Aviso Legal - Deacrescente","robots":{"index":"index","follow":"follow","max-snippet":"max-snippet:-1","max-image-preview":"max-image-preview:large","max-video-preview":"max-video-preview:-1"},"canonical":"https:\/\/deacrescente.com\/avviso-legale\/","og_locale":"es_ES","og_type":"article","og_title":"Aviso Legal - Deacrescente","og_description":"Para garantizar tus derechos de usuario, te ofrezco m\u00e1xima transparencia sobre esta web. deacrescente.com cumple rigurosamente con estas leyes: La Ley Org\u00e1nica 3\/2018, de 5 de diciembre, de Protecci\u00f3n de Datos Personales y garant\u00eda de los derechos digitales (LOPDGDD) El Reglamento (UE) 2016\/679 del Parlamento Europeo y del Consejo de 27 de abril de 2016 [&hellip;]","og_url":"https:\/\/deacrescente.com\/avviso-legale\/","og_site_name":"Deacrescente","article_modified_time":"2023-08-07T08:44:48+00:00","twitter_card":"summary_large_image","twitter_misc":{"Tiempo de lectura":"4 minutos"},"schema":{"@context":"https:\/\/schema.org","@graph":[{"@type":"WebPage","@id":"https:\/\/deacrescente.com\/avviso-legale\/","url":"https:\/\/deacrescente.com\/avviso-legale\/","name":"Aviso Legal - Deacrescente","isPartOf":{"@id":"https:\/\/deacrescente.com\/#website"},"datePublished":"2023-08-01T07:30:23+00:00","dateModified":"2023-08-07T08:44:48+00:00","breadcrumb":{"@id":"https:\/\/deacrescente.com\/avviso-legale\/#breadcrumb"},"inLanguage":"es","potentialAction":[{"@type":"ReadAction","target":["https:\/\/deacrescente.com\/avviso-legale\/"]}]},{"@type":"BreadcrumbList","@id":"https:\/\/deacrescente.com\/avviso-legale\/#breadcrumb","itemListElement":[{"@type":"ListItem","position":1,"name":"Home","item":"https:\/\/deacrescente.com\/"},{"@type":"ListItem","position":2,"name":"Aviso Legal"}]},{"@type":"WebSite","@id":"https:\/\/deacrescente.com\/#website","url":"https:\/\/deacrescente.com\/","name":"Deacrescente","description":"","publisher":{"@id":"https:\/\/deacrescente.com\/#organization"},"potentialAction":[{"@type":"SearchAction","target":{"@type":"EntryPoint","urlTemplate":"https:\/\/deacrescente.com\/?s={search_term_string}"},"query-input":"required name=search_term_string"}],"inLanguage":"es"},{"@type":"Organization","@id":"https:\/\/deacrescente.com\/#organization","name":"Deacrescente","url":"https:\/\/deacrescente.com\/","logo":{"@type":"ImageObject","inLanguage":"es","@id":"https:\/\/deacrescente.com\/#\/schema\/logo\/image\/","url":"https:\/\/deacrescente.com\/wp-content\/uploads\/2023\/05\/LOGO-DEACRECIENTE2.png","contentUrl":"https:\/\/deacrescente.com\/wp-content\/uploads\/2023\/05\/LOGO-DEACRECIENTE2.png","width":1080,"height":552,"caption":"Deacrescente"},"image":{"@id":"https:\/\/deacrescente.com\/#\/schema\/logo\/image\/"},"sameAs":["https:\/\/www.instagram.com\/deacrescente\/"]}]}},"_links":{"self":[{"href":"https:\/\/deacrescente.com\/es\/wp-json\/wp\/v2\/pages\/1456","targetHints":{"allow":["GET"]}}],"collection":[{"href":"https:\/\/deacrescente.com\/es\/wp-json\/wp\/v2\/pages"}],"about":[{"href":"https:\/\/deacrescente.com\/es\/wp-json\/wp\/v2\/types\/page"}],"author":[{"embeddable":true,"href":"https:\/\/deacrescente.com\/es\/wp-json\/wp\/v2\/users\/1"}],"replies":[{"embeddable":true,"href":"https:\/\/deacrescente.com\/es\/wp-json\/wp\/v2\/comments?post=1456"}],"version-history":[{"count":10,"href":"https:\/\/deacrescente.com\/es\/wp-json\/wp\/v2\/pages\/1456\/revisions"}],"predecessor-version":[{"id":1639,"href":"https:\/\/deacrescente.com\/es\/wp-json\/wp\/v2\/pages\/1456\/revisions\/1639"}],"wp:attachment":[{"href":"https:\/\/deacrescente.com\/es\/wp-json\/wp\/v2\/media?parent=1456"}],"curies":[{"name":"wp","href":"https:\/\/api.w.org\/{rel}","templated":true}]}}